{"id":15925,"date":"2025-06-19T09:12:46","date_gmt":"2025-06-19T07:12:46","guid":{"rendered":"https:\/\/www.nelt.com\/brands\/chips-way\/"},"modified":"2026-02-23T10:45:28","modified_gmt":"2026-02-23T09:45:28","slug":"chips-way","status":"publish","type":"page","link":"https:\/\/www.nelt.com\/en\/brands\/chips-way\/","title":{"rendered":"Chips Way"},"content":{"rendered":"","protected":false},"excerpt":{"rendered":"","protected":false},"author":1,"featured_media":15921,"parent":14199,"menu_order":40,"comment_status":"closed","ping_status":"closed","template":"","meta":{"_acf_changed":false,"footnotes":""},"class_list":["post-15925","page","type-page","status-publish","has-post-thumbnail","hentry"],"acf":[],"yoast_head":"\n<title>Chips Way | NELT<\/title>\n<meta name=\"description\" content=\"Chips Way is a modern snack factory from \u010ca\u010dak, known for local potato chips and brands like \u010ca\u010danski \u010cips and Gricko.\" \/>\n<meta name=\"robots\" content=\"index, follow, max-snippet:-1, max-image-preview:large, max-video-preview:-1\" \/>\n<link rel=\"canonical\" href=\"https:\/\/www.nelt.com\/en\/brands\/chips-way\/\" \/>\n<meta property=\"og:locale\" content=\"en_US\" \/>\n<meta property=\"og:type\" content=\"article\" \/>\n<meta property=\"og:title\" content=\"Chips Way | NELT\" \/>\n<meta property=\"og:description\" content=\"Chips Way is a modern snack factory from \u010ca\u010dak, known for local potato chips and brands like \u010ca\u010danski \u010cips and Gricko.\" \/>\n<meta property=\"og:url\" content=\"https:\/\/www.nelt.com\/en\/brands\/chips-way\/\" \/>\n<meta property=\"og:site_name\" content=\"NELT\" \/>\n<meta property=\"article:publisher\" content=\"https:\/\/www.facebook.com\/NeltGroup\/\" \/>\n<meta property=\"article:modified_time\" content=\"2026-02-23T09:45:28+00:00\" \/>\n<meta property=\"og:image\" content=\"https:\/\/www.nelt.com\/wp-content\/uploads\/2025\/06\/chips-way-background.jpg\" \/>\n\t<meta property=\"og:image:width\" content=\"1920\" \/>\n\t<meta property=\"og:image:height\" content=\"1080\" \/>\n\t<meta property=\"og:image:type\" content=\"image\/jpeg\" \/>\n<meta name=\"twitter:card\" content=\"summary_large_image\" \/>\n<meta name=\"twitter:label1\" content=\"Est. reading time\" \/>\n\t<meta name=\"twitter:data1\" content=\"1 minute\" \/>\n<script type=\"application\/ld+json\" class=\"yoast-schema-graph\">{\"@context\":\"https:\/\/schema.org\",\"@graph\":[{\"@type\":\"WebPage\",\"@id\":\"https:\/\/www.nelt.com\/en\/brands\/chips-way\/\",\"url\":\"https:\/\/www.nelt.com\/en\/brands\/chips-way\/\",\"name\":\"Chips Way | NELT\",\"isPartOf\":{\"@id\":\"https:\/\/www.nelt.com\/#website\"},\"primaryImageOfPage\":{\"@id\":\"https:\/\/www.nelt.com\/en\/brands\/chips-way\/#primaryimage\"},\"image\":{\"@id\":\"https:\/\/www.nelt.com\/en\/brands\/chips-way\/#primaryimage\"},\"thumbnailUrl\":\"https:\/\/www.nelt.com\/wp-content\/uploads\/2025\/06\/chips-way-background.jpg\",\"datePublished\":\"2025-06-19T07:12:46+00:00\",\"dateModified\":\"2026-02-23T09:45:28+00:00\",\"description\":\"Chips Way is a modern snack factory from \u010ca\u010dak, known for local potato chips and brands like \u010ca\u010danski \u010cips and Gricko.\",\"breadcrumb\":{\"@id\":\"https:\/\/www.nelt.com\/en\/brands\/chips-way\/#breadcrumb\"},\"inLanguage\":\"en-US\",\"potentialAction\":[{\"@type\":\"ReadAction\",\"target\":[\"https:\/\/www.nelt.com\/en\/brands\/chips-way\/\"]}]},{\"@type\":\"ImageObject\",\"inLanguage\":\"en-US\",\"@id\":\"https:\/\/www.nelt.com\/en\/brands\/chips-way\/#primaryimage\",\"url\":\"https:\/\/www.nelt.com\/wp-content\/uploads\/2025\/06\/chips-way-background.jpg\",\"contentUrl\":\"https:\/\/www.nelt.com\/wp-content\/uploads\/2025\/06\/chips-way-background.jpg\",\"width\":1920,\"height\":1080},{\"@type\":\"BreadcrumbList\",\"@id\":\"https:\/\/www.nelt.com\/en\/brands\/chips-way\/#breadcrumb\",\"itemListElement\":[{\"@type\":\"ListItem\",\"position\":1,\"name\":\"Home\",\"item\":\"https:\/\/www.nelt.com\/en\/\"},{\"@type\":\"ListItem\",\"position\":2,\"name\":\"Brands\",\"item\":\"https:\/\/www.nelt.com\/en\/brands\/\"},{\"@type\":\"ListItem\",\"position\":3,\"name\":\"Chips Way\"}]},{\"@type\":\"WebSite\",\"@id\":\"https:\/\/www.nelt.com\/#website\",\"url\":\"https:\/\/www.nelt.com\/\",\"name\":\"NELT\",\"description\":\"Kompanija BROJ JEDAN u primeni potpunih re\u0161enja u distribuciji i logisti\u010dkim uslugama.\",\"publisher\":{\"@id\":\"https:\/\/www.nelt.com\/#organization\"},\"potentialAction\":[{\"@type\":\"SearchAction\",\"target\":{\"@type\":\"EntryPoint\",\"urlTemplate\":\"https:\/\/www.nelt.com\/?s={search_term_string}\"},\"query-input\":{\"@type\":\"PropertyValueSpecification\",\"valueRequired\":true,\"valueName\":\"search_term_string\"}}],\"inLanguage\":\"en-US\"},{\"@type\":\"Organization\",\"@id\":\"https:\/\/www.nelt.com\/#organization\",\"name\":\"NELT\",\"url\":\"https:\/\/www.nelt.com\/\",\"logo\":{\"@type\":\"ImageObject\",\"inLanguage\":\"en-US\",\"@id\":\"https:\/\/www.nelt.com\/#\/schema\/logo\/image\/\",\"url\":\"https:\/\/www.nelt.com\/wp-content\/uploads\/2019\/06\/nelt-logo.png\",\"contentUrl\":\"https:\/\/www.nelt.com\/wp-content\/uploads\/2019\/06\/nelt-logo.png\",\"width\":1024,\"height\":768,\"caption\":\"NELT\"},\"image\":{\"@id\":\"https:\/\/www.nelt.com\/#\/schema\/logo\/image\/\"},\"sameAs\":[\"https:\/\/www.facebook.com\/NeltGroup\/\",\"https:\/\/www.linkedin.com\/company\/neltgroup\/\",\"https:\/\/www.instagram.com\/lifeatnelt\/\",\"https:\/\/www.youtube.com\/@neltgroup\"]}]}<\/script>\n","yoast_head_json":{"title":"Chips Way | NELT","description":"Chips Way is a modern snack factory from \u010ca\u010dak, known for local potato chips and brands like \u010ca\u010danski \u010cips and Gricko.","robots":{"index":"index","follow":"follow","max-snippet":"max-snippet:-1","max-image-preview":"max-image-preview:large","max-video-preview":"max-video-preview:-1"},"canonical":"https:\/\/www.nelt.com\/en\/brands\/chips-way\/","og_locale":"en_US","og_type":"article","og_title":"Chips Way | NELT","og_description":"Chips Way is a modern snack factory from \u010ca\u010dak, known for local potato chips and brands like \u010ca\u010danski \u010cips and Gricko.","og_url":"https:\/\/www.nelt.com\/en\/brands\/chips-way\/","og_site_name":"NELT","article_publisher":"https:\/\/www.facebook.com\/NeltGroup\/","article_modified_time":"2026-02-23T09:45:28+00:00","og_image":[{"width":1920,"height":1080,"url":"https:\/\/www.nelt.com\/wp-content\/uploads\/2025\/06\/chips-way-background.jpg","type":"image\/jpeg"}],"twitter_card":"summary_large_image","twitter_misc":{"Est. reading time":"1 minute"},"schema":{"@context":"https:\/\/schema.org","@graph":[{"@type":"WebPage","@id":"https:\/\/www.nelt.com\/en\/brands\/chips-way\/","url":"https:\/\/www.nelt.com\/en\/brands\/chips-way\/","name":"Chips Way | NELT","isPartOf":{"@id":"https:\/\/www.nelt.com\/#website"},"primaryImageOfPage":{"@id":"https:\/\/www.nelt.com\/en\/brands\/chips-way\/#primaryimage"},"image":{"@id":"https:\/\/www.nelt.com\/en\/brands\/chips-way\/#primaryimage"},"thumbnailUrl":"https:\/\/www.nelt.com\/wp-content\/uploads\/2025\/06\/chips-way-background.jpg","datePublished":"2025-06-19T07:12:46+00:00","dateModified":"2026-02-23T09:45:28+00:00","description":"Chips Way is a modern snack factory from \u010ca\u010dak, known for local potato chips and brands like \u010ca\u010danski \u010cips and Gricko.","breadcrumb":{"@id":"https:\/\/www.nelt.com\/en\/brands\/chips-way\/#breadcrumb"},"inLanguage":"en-US","potentialAction":[{"@type":"ReadAction","target":["https:\/\/www.nelt.com\/en\/brands\/chips-way\/"]}]},{"@type":"ImageObject","inLanguage":"en-US","@id":"https:\/\/www.nelt.com\/en\/brands\/chips-way\/#primaryimage","url":"https:\/\/www.nelt.com\/wp-content\/uploads\/2025\/06\/chips-way-background.jpg","contentUrl":"https:\/\/www.nelt.com\/wp-content\/uploads\/2025\/06\/chips-way-background.jpg","width":1920,"height":1080},{"@type":"BreadcrumbList","@id":"https:\/\/www.nelt.com\/en\/brands\/chips-way\/#breadcrumb","itemListElement":[{"@type":"ListItem","position":1,"name":"Home","item":"https:\/\/www.nelt.com\/en\/"},{"@type":"ListItem","position":2,"name":"Brands","item":"https:\/\/www.nelt.com\/en\/brands\/"},{"@type":"ListItem","position":3,"name":"Chips Way"}]},{"@type":"WebSite","@id":"https:\/\/www.nelt.com\/#website","url":"https:\/\/www.nelt.com\/","name":"NELT","description":"Kompanija BROJ JEDAN u primeni potpunih re\u0161enja u distribuciji i logisti\u010dkim uslugama.","publisher":{"@id":"https:\/\/www.nelt.com\/#organization"},"potentialAction":[{"@type":"SearchAction","target":{"@type":"EntryPoint","urlTemplate":"https:\/\/www.nelt.com\/?s={search_term_string}"},"query-input":{"@type":"PropertyValueSpecification","valueRequired":true,"valueName":"search_term_string"}}],"inLanguage":"en-US"},{"@type":"Organization","@id":"https:\/\/www.nelt.com\/#organization","name":"NELT","url":"https:\/\/www.nelt.com\/","logo":{"@type":"ImageObject","inLanguage":"en-US","@id":"https:\/\/www.nelt.com\/#\/schema\/logo\/image\/","url":"https:\/\/www.nelt.com\/wp-content\/uploads\/2019\/06\/nelt-logo.png","contentUrl":"https:\/\/www.nelt.com\/wp-content\/uploads\/2019\/06\/nelt-logo.png","width":1024,"height":768,"caption":"NELT"},"image":{"@id":"https:\/\/www.nelt.com\/#\/schema\/logo\/image\/"},"sameAs":["https:\/\/www.facebook.com\/NeltGroup\/","https:\/\/www.linkedin.com\/company\/neltgroup\/","https:\/\/www.instagram.com\/lifeatnelt\/","https:\/\/www.youtube.com\/@neltgroup"]}]}},"_links":{"self":[{"href":"https:\/\/www.nelt.com\/en\/wp-json\/wp\/v2\/pages\/15925","targetHints":{"allow":["GET"]}}],"collection":[{"href":"https:\/\/www.nelt.com\/en\/wp-json\/wp\/v2\/pages"}],"about":[{"href":"https:\/\/www.nelt.com\/en\/wp-json\/wp\/v2\/types\/page"}],"author":[{"embeddable":true,"href":"https:\/\/www.nelt.com\/en\/wp-json\/wp\/v2\/users\/1"}],"replies":[{"embeddable":true,"href":"https:\/\/www.nelt.com\/en\/wp-json\/wp\/v2\/comments?post=15925"}],"version-history":[{"count":3,"href":"https:\/\/www.nelt.com\/en\/wp-json\/wp\/v2\/pages\/15925\/revisions"}],"predecessor-version":[{"id":17032,"href":"https:\/\/www.nelt.com\/en\/wp-json\/wp\/v2\/pages\/15925\/revisions\/17032"}],"up":[{"embeddable":true,"href":"https:\/\/www.nelt.com\/en\/wp-json\/wp\/v2\/pages\/14199"}],"wp:featuredmedia":[{"embeddable":true,"href":"https:\/\/www.nelt.com\/en\/wp-json\/wp\/v2\/media\/15921"}],"wp:attachment":[{"href":"https:\/\/www.nelt.com\/en\/wp-json\/wp\/v2\/media?parent=15925"}],"curies":[{"name":"wp","href":"https:\/\/api.w.org\/{rel}","templated":true}]}}